

{"id":82,"date":"2016-04-25T09:15:16","date_gmt":"2016-04-25T11:15:16","guid":{"rendered":"http:\/\/stilusoptimus.seolyderis.lt\/?page_id=82"},"modified":"2024-07-24T12:38:11","modified_gmt":"2024-07-24T14:38:11","slug":"dantu-rovimas","status":"publish","type":"page","link":"https:\/\/stilusoptimus.lt\/en\/paslaugos\/dantu-rovimas\/","title":{"rendered":"Dant\u0173 rovimas"},"content":{"rendered":"<p class=\"MsoNormal\" style=\"margin-top: 0; margin-bottom: 0;\" align=\"justify\"><span style=\"color: #666666;\"><b><span style=\"font-family: Arial;\">Dant\u0173\nrovimas<\/span><\/b><\/span><\/p>\n<p class=\"MsoNormal\" style=\"margin-top: 0; margin-bottom: 0;\" align=\"justify\"><span style=\"color: #666666;\">\n<span style=\"font-size: 10.0pt; font-family: Arial;\">&nbsp;<\/span><\/span><\/p>\n<p class=\"MsoNormal\" style=\"margin-top: 0; margin-bottom: 0;\" align=\"justify\"><span style=\"color: #666666;\">\n<span style=\"font-size: 10.0pt; font-family: Arial;\">Pagrindinis\n\u0161iuolaikin\u0117s stomatologijos tikslas yra i\u0161vengti pacient\u0173 dant\u0173\nnetekimo. Ta\u010diau ne\u017ei\u016brint \u012f tai kartais tenka rauti dantis. \u0160tai\npagrindin\u0117s dant\u0173 rovimo prie\u017eastys: <\/span><\/span><\/p>\n<p class=\"MsoNormal\" style=\"margin-top: 0; margin-bottom: 0;\" align=\"justify\"><span style=\"color: #666666;\">\n<span style=\"font-size: 10.0pt; font-family: Arial;\">&#8211; Stipriai suir\u0119s\ndanties vainikas<\/span><\/span><\/p>\n<p class=\"MsoNormal\" style=\"margin-top: 0; margin-bottom: 0;\" align=\"justify\"><span style=\"color: #666666;\">\n<span style=\"font-size: 10.0pt; font-family: Arial;\">&#8211; I\u0161plit\u0119\nperiodonto ligos<\/span><\/span><\/p>\n<p class=\"MsoNormal\" style=\"margin-top: 0; margin-bottom: 0;\" align=\"justify\"><span style=\"color: #666666;\">\n<span style=\"font-size: 10.0pt; font-family: Arial;\">&#8211; P\u016blingas procesas\nprie danties \u0161aknies<\/span><\/span><\/p>\n<p class=\"MsoNormal\" style=\"margin-top: 0; margin-bottom: 0;\" align=\"justify\"><span style=\"color: #666666;\">\n<span style=\"font-size: 10.0pt; font-family: Arial;\">&#8211; Ortodontin\u0117\nkorekcija<\/span><\/span><\/p>\n<p class=\"MsoNormal\" style=\"margin-top: 0; margin-bottom: 0;\" align=\"justify\"><span style=\"color: #666666;\">\n<span style=\"font-size: 10.0pt; font-family: Arial;\">&#8211; Netaisyklinga\ndanties pad\u0117tis<\/span><\/span><\/p>\n<p class=\"MsoNormal\" style=\"margin-top: 0; margin-bottom: 0;\" align=\"justify\"><span style=\"color: #666666;\">\n<span style=\"font-size: 10.0pt; font-family: Arial;\">&#8211; Danties arba\n\u0161aknies l\u016b\u017eimas<\/span><\/span><\/p>\n<p class=\"MsoNormal\" style=\"margin-top: 0; margin-bottom: 0;\" align=\"justify\"><span style=\"color: #666666;\">\n<span style=\"font-size: 10.0pt; font-family: Arial;\">&#8211; Sutrik\u0119s danties\ndygimas ir kita<\/span><\/span><\/p>\n<p class=\"MsoNormal\" style=\"margin-top: 0; margin-bottom: 0;\" align=\"justify\"><span style=\"color: #666666;\">\n<span style=\"font-size: 10.0pt; font-family: Arial;\">&nbsp;<\/span><\/span><\/p>\n<p class=\"MsoNormal\" style=\"margin-top: 0; margin-bottom: 0;\" align=\"justify\"><span style=\"color: #666666;\">\n<span style=\"font-size: 10.0pt; font-family: Arial;\"><b>Protinis dantis<\/b>\n\u2013 tai yra dantis, kuris da\u017eniausiai yra pa\u017eeid\u017eiamas dant\u0173 karieso,\nkadangi jis yra sunkiausiai pasiekiamas dant\u0173 valymo metu. \u0160ie\ndantys da\u017enai pasi\u017eymi apsunkintu dygimu, d\u0117l ko i\u0161sivysto\naplinkini\u0173 audini\u0173 u\u017edegimas ir skausmas. Protinio danties rovimo\noperacija susideda i\u0161 keleto etap\u0173: pirmiausia yra atkeliamos\ndantenos esan\u010dios vir\u0161 protinio danties, nustumiamas jungiamasis\naudinys bei pa\u0161alinamas kaulas, esantys vir\u0161 danties, dantis\n\u0161alinamas. Pa\u0161alinus dant\u012f, alveol\u0117 i\u0161valoma ir dantenos, gr\u0105\u017einus\njas \u012f pirmin\u0119 pad\u0117t\u012f, susiuvamos. <\/span><\/span><\/p>\n<p class=\"MsoNormal\" style=\"margin-top: 0; margin-bottom: 0;\" align=\"justify\"><span style=\"color: #666666;\">\n<span style=\"font-size: 10.0pt; font-family: Arial;\">Dantys gali b\u016bti\nraunami naudojant vietin\u0119 nejautr\u0105 arba kombinuojant j\u0105 su\nsustiprintu nuskausminimu.<\/span><\/span><\/p>\n<p style=\"margin-top: 0; margin-bottom: 0;\" align=\"justify\"><span style=\"color: #666666;\">\n<span style=\"font-size: 10.0pt; font-family: Arial;\">Jeigu yra\nplanuojama Jums rauti dant\u012f arba dantis k\u0105 tik i\u0161rautas, pra\u0161ykite\nsavo gydytojo odontologo nurodym\u0173 kaip elgtis pirm\u0105sias kelias\ndienas po danties rovimo<\/span><\/span><\/p>\n<p style=\"margin-top: 0; margin-bottom: 0;\" align=\"justify\"><img decoding=\"async\" loading=\"lazy\" src=\"http:\/\/stilusoptimus.lt\/pic\/pasl_pav\/rov1.jpg\" width=\"450\" height=\"339\" border=\"0\"><\/p>","protected":false},"excerpt":{"rendered":"Dant\u0173 rovimas &nbsp; Pagrindinis \u0161iuolaikin\u0117s stomatologijos tikslas yra i\u0161vengti pacient\u0173 dant\u0173 netekimo. Ta\u010diau ne\u017ei\u016brint \u012f tai kartais tenka rauti dantis. \u0160tai pagrindin\u0117s dant\u0173 rovimo prie\u017eastys: &#8211; Stipriai suir\u0119s danties vainikas &#8211; I\u0161plit\u0119 periodonto ligos &#8211; P\u016blingas procesas prie danties \u0161aknies &#8211; Ortodontin\u0117 korekcija &#8211; Netaisyklinga danties pad\u0117tis &#8211; Danties arba \u0161aknies l\u016b\u017eimas &#8211; Sutrik\u0119s danties [&hellip;]","protected":false},"author":1,"featured_media":157,"parent":103,"menu_order":0,"comment_status":"closed","ping_status":"closed","template":"","meta":[],"_links":{"self":[{"href":"https:\/\/stilusoptimus.lt\/en\/wp-json\/wp\/v2\/pages\/82"}],"collection":[{"href":"https:\/\/stilusoptimus.lt\/en\/wp-json\/wp\/v2\/pages"}],"about":[{"href":"https:\/\/stilusoptimus.lt\/en\/wp-json\/wp\/v2\/types\/page"}],"author":[{"embeddable":true,"href":"https:\/\/stilusoptimus.lt\/en\/wp-json\/wp\/v2\/users\/1"}],"replies":[{"embeddable":true,"href":"https:\/\/stilusoptimus.lt\/en\/wp-json\/wp\/v2\/comments?post=82"}],"version-history":[{"count":25,"href":"https:\/\/stilusoptimus.lt\/en\/wp-json\/wp\/v2\/pages\/82\/revisions"}],"predecessor-version":[{"id":1223,"href":"https:\/\/stilusoptimus.lt\/en\/wp-json\/wp\/v2\/pages\/82\/revisions\/1223"}],"up":[{"embeddable":true,"href":"https:\/\/stilusoptimus.lt\/en\/wp-json\/wp\/v2\/pages\/103"}],"wp:featuredmedia":[{"embeddable":true,"href":"https:\/\/stilusoptimus.lt\/en\/wp-json\/wp\/v2\/media\/157"}],"wp:attachment":[{"href":"https:\/\/stilusoptimus.lt\/en\/wp-json\/wp\/v2\/media?parent=82"}],"curies":[{"name":"wp","href":"https:\/\/api.w.org\/{rel}","templated":true}]}}